{"id":2046,"date":"2025-11-04T10:01:03","date_gmt":"2025-11-04T10:01:03","guid":{"rendered":"https:\/\/forestgreen-peafowl-482848.hostingersite.com\/?page_id=2046"},"modified":"2025-11-04T10:01:53","modified_gmt":"2025-11-04T10:01:53","slug":"politica-de-cookies","status":"publish","type":"page","link":"https:\/\/embal.meg-crm.com\/en\/politica-de-cookies\/","title":{"rendered":"Pol\u00edtica de Cookies"},"content":{"rendered":"<div data-elementor-type=\"wp-page\" data-elementor-id=\"2046\" class=\"elementor elementor-2046\" data-elementor-post-type=\"page\">\n\t\t\t\t<div class=\"elementor-element elementor-element-eda450b e-flex e-con-boxed e-con e-parent\" data-id=\"eda450b\" data-element_type=\"container\" data-e-type=\"container\">\n\t\t\t\t\t<div class=\"e-con-inner\">\n\t\t\t\t<div class=\"elementor-element elementor-element-1d0c106 elementor-widget elementor-widget-heading\" data-id=\"1d0c106\" data-element_type=\"widget\" data-e-type=\"widget\" data-widget_type=\"heading.default\">\n\t\t\t\t\t<h2 class=\"elementor-heading-title elementor-size-default\">Pol\u00edtica de Cookies<\/h2>\t\t\t\t<\/div>\n\t\t\t\t<div class=\"elementor-element elementor-element-33965f8 elementor-widget-divider--view-line elementor-widget elementor-widget-divider\" data-id=\"33965f8\" data-element_type=\"widget\" data-e-type=\"widget\" data-widget_type=\"divider.default\">\n\t\t\t\t\t\t\t<div class=\"elementor-divider\">\n\t\t\t<span class=\"elementor-divider-separator\">\n\t\t\t\t\t\t<\/span>\n\t\t<\/div>\n\t\t\t\t\t\t<\/div>\n\t\t\t\t<div class=\"elementor-element elementor-element-15960c7 elementor-widget elementor-widget-text-editor\" data-id=\"15960c7\" data-element_type=\"widget\" data-e-type=\"widget\" data-widget_type=\"text-editor.default\">\n\t\t\t\t\t\t\t\t\t<p>Utilizamos cookies que permitem melhorar o desempenho e a experi\u00eancia de navega\u00e7\u00e3o do utilizador e\/ou visitante.<br \/>Qualquer navegador de internet (browser) permite ao utilizador e\/ou visitante aceitar, recusar ou apagar cookies, atrav\u00e9s das defini\u00e7\u00f5es do pr\u00f3prio navegador.<br \/>\u00a0<br \/>Os cookies n\u00e3o cont\u00eam informa\u00e7\u00f5es de identifica\u00e7\u00e3o pessoal. Ao usar o nosso website est\u00e1 a autorizar o uso destes cookies.<br \/>\u00a0<br \/><strong>O que s\u00e3o cookies?<\/strong><br \/>Os cookies s\u00e3o ficheiros de texto com informa\u00e7\u00f5es relevantes que o browser processa, quando um site \u00e9 visitado por um utilizador.<br \/>\u00a0<br \/>A coloca\u00e7\u00e3o de cookies ajuda o site a reconhecer o dispositivo (tablet, desktop, telefone m\u00f3vel, etc.) do utilizador sempre que acede a este site. Os cookies ret\u00eam apenas informa\u00e7\u00e3o relacionada com as prefer\u00eancias do utilizador, n\u00e3o revelando informa\u00e7\u00f5es pessoais.<br \/>\u00a0<br \/>\u00a0<br \/><strong>Tipos de cookies:<\/strong><br \/>Existem v\u00e1rios tipos de cookies com carater\u00edsticas e fun\u00e7\u00f5es diferentes. S\u00e3o eles:<br \/>\u00a0<br \/>\u2022 Cookies essenciais \u2013 S\u00e3o importantes para aceder a \u00e1reas espec\u00edficas do site permitindo uma navega\u00e7\u00e3o correta.<br \/>\u00a0<br \/>\u2022 Cookies de funcionalidade \u2013 Os cookies de funcionalidade permitem que as prefer\u00eancias do utilizador sejam guardadas quando visita o site. Desta forma, n\u00e3o \u00e9 necess\u00e1rio personalizar o site sempre que o visita.<br \/>\u00a0<br \/>\u2022 Cookies anal\u00edticos \u2013 Este tipo de cookies permite analisar a forma como os utilizadores utilizam o site, conhecer as p\u00e1ginas mais populares e monitorizar o desempenho do site, possibilitando perceber poss\u00edveis mensagens de erro no site. Nunca ser\u00e3o reveladas informa\u00e7\u00f5es de cariz pessoal.<br \/>\u00a0<br \/>\u00a0<br \/><strong>Google Analytics<\/strong><br \/>Este website utiliza Google Analytics, um servi\u00e7o de an\u00e1lise web fornecido por Google Inc.<br \/>\u00a0<br \/>A Google Analytics utiliza cookies que s\u00e3o guardados no seu computador e permite uma an\u00e1lise da utiliza\u00e7\u00e3o do website. As informa\u00e7\u00f5es geradas pelo cookie sobre a utiliza\u00e7\u00e3o do nosso website, incluindo o endere\u00e7o IP (&#8220;dados de uso&#8221;) s\u00e3o, geralmente, transmitidas para um servidor da Google nos EUA e armazenadas l\u00e1.<br \/>\u00a0<br \/>Pode recusar o uso de cookies, selecionando as configura\u00e7\u00f5es apropriadas no seu navegador; no entanto, por favor, note que, neste caso, n\u00e3o poder\u00e1 usar todas as funcionalidades desta p\u00e1gina web. Al\u00e9m disso, pode evitar a recolha de dados gerados pelo cookie e os dados relacionados com o uso da p\u00e1gina web (incluindo o seu endere\u00e7o IP) por parte do Google, bem como o processamento desses dados pelo Google, transferindo e instalando o plug-in do navegador dispon\u00edvel na seguinte hiperliga\u00e7\u00e3o: http:\/\/tools.google.com\/dlpage\/gaoptout<br \/>\u00a0<br \/>\u00a0<br \/>Poder\u00e1 encontrar informa\u00e7\u00f5es detalhadas sobre o Google Analytics no site da Google em\u00a0<a href=\"https:\/\/marketingplatform.google.com\/about\/\">https:\/\/marketingplatform.google.com\/about\/<\/a>.<br \/>\u00a0<br \/>\u00a0<br \/><strong>Redes Sociais<\/strong><br \/>O nosso website cont\u00e9m refer\u00eancias (links) para aplicar \u00e0s redes sociais externas, tais como Facebook ( &#8220;plug -ins sociais &#8220;). As fun\u00e7\u00f5es atribu\u00eddas \u00e0s liga\u00e7\u00f5es, especialmente a transmiss\u00e3o de informa\u00e7\u00f5es e dados do utilizador, s\u00e3o ativados apenas quando o utilizador clica no respetivo link. Uma vez efetuado esse click no link da rede social, \u00e9 estabelecida uma liga\u00e7\u00e3o direta com os servidores do mesmo e poder\u00e1 haver transfer\u00eancia de dados do utilizador, a partir desse momento a Rede Social ser\u00e1 o \u00fanico respons\u00e1vel pelo tratamento dos dados do utilizador.<br \/>\u00a0<br \/>Se tiver a oportunidade de \u201cpartilhar\u201d conte\u00fado do nosso website com amigos atrav\u00e9s das redes sociais, como Facebook, LinkedIn, Youtube e Twitter, poder\u00e3o ser-lhe enviadas cookies a partir destes Sites. N\u00e3o controlamos a defini\u00e7\u00e3o destas cookies, pelo que sugerimos que verifique os outros Sites para obter mais informa\u00e7\u00f5es acerca das suas cookies e como geri-las.<\/p>\t\t\t\t\t\t\t\t<\/div>\n\t\t\t\t\t<\/div>\n\t\t\t\t<\/div>\n\t\t\t\t<\/div>","protected":false},"excerpt":{"rendered":"<p>Pol\u00edtica de Cookies Utilizamos cookies que permitem melhorar o desempenho e a experi\u00eancia de navega\u00e7\u00e3o do utilizador e\/ou visitante.Qualquer navegador [&hellip;]<\/p>","protected":false},"author":1,"featured_media":0,"parent":0,"menu_order":0,"comment_status":"closed","ping_status":"closed","template":"elementor_header_footer","meta":{"site-sidebar-layout":"no-sidebar","site-content-layout":"","ast-site-content-layout":"full-width-container","site-content-style":"default","site-sidebar-style":"default","ast-global-header-display":"","ast-banner-title-visibility":"","ast-main-header-display":"","ast-hfb-above-header-display":"","ast-hfb-below-header-display":"","ast-hfb-mobile-header-display":"","site-post-title":"","ast-breadcrumbs-content":"","ast-featured-img":"disabled","footer-sml-layout":"","ast-disable-related-posts":"","theme-transparent-header-meta":"","adv-header-id-meta":"","stick-header-meta":"","header-above-stick-meta":"","header-main-stick-meta":"","header-below-stick-meta":"","astra-migrate-meta-layouts":"default","ast-page-background-enabled":"default","ast-page-background-meta":{"desktop":{"background-color":"var(--ast-global-color-5)","background-image":"","background-repeat":"repeat","background-position":"center center","background-size":"auto","background-attachment":"scroll","background-type":"","background-media":"","overlay-type":"","overlay-color":"","overlay-opacity":"","overlay-gradient":""},"tablet":{"background-color":"","background-image":"","background-repeat":"repeat","background-position":"center center","background-size":"auto","background-attachment":"scroll","background-type":"","background-media":"","overlay-type":"","overlay-color":"","overlay-opacity":"","overlay-gradient":""},"mobile":{"background-color":"","background-image":"","background-repeat":"repeat","background-position":"center center","background-size":"auto","background-attachment":"scroll","background-type":"","background-media":"","overlay-type":"","overlay-color":"","overlay-opacity":"","overlay-gradient":""}},"ast-content-background-meta":{"desktop":{"background-color":"var(--ast-global-color-4)","background-image":"","background-repeat":"repeat","background-position":"center center","background-size":"auto","background-attachment":"scroll","background-type":"","background-media":"","overlay-type":"","overlay-color":"","overlay-opacity":"","overlay-gradient":""},"tablet":{"background-color":"var(--ast-global-color-4)","background-image":"","background-repeat":"repeat","background-position":"center center","background-size":"auto","background-attachment":"scroll","background-type":"","background-media":"","overlay-type":"","overlay-color":"","overlay-opacity":"","overlay-gradient":""},"mobile":{"background-color":"var(--ast-global-color-4)","background-image":"","background-repeat":"repeat","background-position":"center center","background-size":"auto","background-attachment":"scroll","background-type":"","background-media":"","overlay-type":"","overlay-color":"","overlay-opacity":"","overlay-gradient":""}},"footnotes":""},"class_list":["post-2046","page","type-page","status-publish","hentry"],"_links":{"self":[{"href":"https:\/\/embal.meg-crm.com\/en\/wp-json\/wp\/v2\/pages\/2046","targetHints":{"allow":["GET"]}}],"collection":[{"href":"https:\/\/embal.meg-crm.com\/en\/wp-json\/wp\/v2\/pages"}],"about":[{"href":"https:\/\/embal.meg-crm.com\/en\/wp-json\/wp\/v2\/types\/page"}],"author":[{"embeddable":true,"href":"https:\/\/embal.meg-crm.com\/en\/wp-json\/wp\/v2\/users\/1"}],"replies":[{"embeddable":true,"href":"https:\/\/embal.meg-crm.com\/en\/wp-json\/wp\/v2\/comments?post=2046"}],"version-history":[{"count":0,"href":"https:\/\/embal.meg-crm.com\/en\/wp-json\/wp\/v2\/pages\/2046\/revisions"}],"wp:attachment":[{"href":"https:\/\/embal.meg-crm.com\/en\/wp-json\/wp\/v2\/media?parent=2046"}],"curies":[{"name":"wp","href":"https:\/\/api.w.org\/{rel}","templated":true}]}}